{"id":1333,"date":"2023-12-13T09:56:00","date_gmt":"2023-12-13T08:56:00","guid":{"rendered":"https:\/\/www.saintlouis-sucre.com\/who-we-are\/history\/"},"modified":"2024-05-14T12:03:08","modified_gmt":"2024-05-14T10:03:08","slug":"history","status":"publish","type":"page","link":"https:\/\/www.saintlouis-sucre.com\/en\/who-we-are\/history\/","title":{"rendered":"History"},"content":{"rendered":"\n<section class=\"wp-block-uagb-section uagb-section__wrap uagb-section__background-none uagb-block-aae9a101 banniere\"><div class=\"uagb-section__overlay\"><\/div><div class=\"uagb-section__inner-wrap\">\n<div class=\"wp-block-cover cover-banniere\"><span aria-hidden=\"true\" class=\"wp-block-cover__background has-background-dim-0 has-background-dim\"><\/span><img decoding=\"async\" width=\"2560\" height=\"1700\" class=\"wp-block-cover__image-background wp-image-1675\" alt=\"\" src=\"https:\/\/www.saintlouis-sucre.com\/wp-content\/uploads\/2024\/01\/La-fabrique-du-sucre-scaled.jpg\" style=\"object-position:54% 90%\" data-object-fit=\"cover\" data-object-position=\"54% 90%\" srcset=\"https:\/\/www.saintlouis-sucre.com\/wp-content\/uploads\/2024\/01\/La-fabrique-du-sucre-scaled.jpg 2560w, https:\/\/www.saintlouis-sucre.com\/wp-content\/uploads\/2024\/01\/La-fabrique-du-sucre-300x199.jpg 300w\" sizes=\"(max-width: 2560px) 100vw, 2560px\" \/><div class=\"wp-block-cover__inner-container is-layout-constrained wp-block-cover-is-layout-constrained\">\n<div class=\"wp-block-group\"><div class=\"wp-block-group__inner-container is-layout-constrained wp-block-group-is-layout-constrained\">\n<h1 class=\"wp-block-heading has-text-align-center wp-block-heading--bg-vert\"><span>Saint Louis Sucre History<\/span><\/h1>\n\n\n\n<p class=\"has-text-align-center\">Explore the key moments that have helped shape Saint Louis Sucre&#8217;s expertise and know-how over the decades.<\/p>\n<\/div><\/div>\n<\/div><\/div>\n\n\n\n<p class=\"has-text-align-center uag-hide-desktop\">Explore the key moments that have helped shape Saint Louis Sucre&#8217;s expertise and know-how over the decades.<\/p>\n<\/div><\/section>\n\n\n<div class=\"yoast-breadcrumbs\"><span><span><a href=\"https:\/\/www.saintlouis-sucre.com\/en\/\">Accueil<\/a><\/span> <span class=\"sep\">\u203a<\/span> <span><a href=\"https:\/\/www.saintlouis-sucre.com\/en\/who-we-are\/\">Who are we?<\/a><\/span> <span class=\"sep\">\u203a<\/span> <span class=\"breadcrumb_last\" aria-current=\"page\">History<\/span><\/span><\/div>\n\n\n<section class=\"wp-block-uagb-section uagb-section__wrap uagb-section__background-none uagb-block-e8b25508 pb-0\"><div class=\"uagb-section__overlay\"><\/div><div class=\"uagb-section__inner-wrap\">\n<p class=\"has-text-align-center\">Click on the dates below to discover the history of Saint Louis Sucre, from 1830 to the present day.<\/p>\n\n\n<div class=\"swiper-container swiper-container--histoire \" key=\"key_block_615d2093747e0e5446b91db61e98d4b3\">\n\t\t<div class=\"select-container select-container-date swiper-histoire__select\">\n\t\t\t<select name=\"swiper-histoire__select\" class=\"\" id=\"block_615d2093747e0e5446b91db61e98d4b3-dates-select\">\n\t\t\t\t<option value=\"0\">1831<\/option><option value=\"1\">1830-1860<\/option><option value=\"2\">1864<\/option><option value=\"3\">1865<\/option><option value=\"4\">1894-1928<\/option><option value=\"5\">1968-1996<\/option><option value=\"6\">1998-2000<\/option><option value=\"7\">Since 2007<\/option>\t\t\t<\/select>\n\t\t<\/div>\n\n\t\t<div class=\"swiper-histoire__pagination wrap\" id=\"block_615d2093747e0e5446b91db61e98d4b3-pagination\"><\/div>\n\t\t<div class=\"swiper swiper-histoire\" id=\"block_615d2093747e0e5446b91db61e98d4b3\">\n\t\t\t<div class=\"swiper-wrapper\">\n\t\t\t\t<div class=\"swiper-slide\">\n\n\t\t\t\t\t\t<div class=\"swiper-histoire__slide slide-histoire\">\n\t\t\t\t\t\t\t<div class=\"slide-histoire__title\">1831<\/div>\n\t\t\t\t\t\t\t<div class=\"flex slide-histoire__flex\">\n\t\t\t\t\t\t\t\t<div class=\"slide-histoire__col slide-histoire__content\"><h2>The origins of Saint\u00a0Louis\u00a0Sucre in Roye<\/h2>\n<p>The first sugar factory was founded in Roye, in the Somme, in Picardy region.<\/p>\n<\/div>\n\t\t\t\t\t\t\t\t<div class=\"slide-histoire__col slide-histoire__img-container\">\n\t\t\t\t\t\t\t\t\t<img decoding=\"async\" width=\"768\" height=\"674\" src=\"https:\/\/www.saintlouis-sucre.com\/wp-content\/uploads\/2024\/01\/la-pendule-mini-768x674.webp\" class=\"slide-histoire__img\" alt=\"\" srcset=\"https:\/\/www.saintlouis-sucre.com\/wp-content\/uploads\/2024\/01\/la-pendule-mini-768x674.webp 768w, https:\/\/www.saintlouis-sucre.com\/wp-content\/uploads\/2024\/01\/la-pendule-mini-300x263.webp 300w, https:\/\/www.saintlouis-sucre.com\/wp-content\/uploads\/2024\/01\/la-pendule-mini-1199x1052.webp 1199w, https:\/\/www.saintlouis-sucre.com\/wp-content\/uploads\/2024\/01\/la-pendule-mini.webp 1368w\" sizes=\"(max-width: 768px) 100vw, 768px\" \/>\t\t\t\t\t\t\t\t<\/div>\n\t\t\t\t\t\t\t<\/div>\n\t\t\t\t\t\t<\/div>\n\t\t\t\t\t<\/div><div class=\"swiper-slide\">\n\n\t\t\t\t\t\t<div class=\"swiper-histoire__slide slide-histoire\">\n\t\t\t\t\t\t\t<div class=\"slide-histoire__title\">1830-1860<\/div>\n\t\t\t\t\t\t\t<div class=\"flex slide-histoire__flex\">\n\t\t\t\t\t\t\t\t<div class=\"slide-histoire__col slide-histoire__content\"><h2>The development of sugar beet in the Somme<\/h2>\n<p>A number of sugar factories are developing in the region. Most farms in the Somme already grow wheat, corn or flax, but farmers are beginning to experiment with growing sugar beet. The Somme is one of the French departments where sugar beet growing is particularly flourishing. A favourable climate, suitable soils and the expertise of local farmers have all contributed to making the Somme the cradle of sugar production.<\/p>\n<\/div>\n\t\t\t\t\t\t\t\t<div class=\"slide-histoire__col slide-histoire__img-container\">\n\t\t\t\t\t\t\t\t\t<img decoding=\"async\" width=\"768\" height=\"452\" src=\"https:\/\/www.saintlouis-sucre.com\/wp-content\/uploads\/2024\/01\/1856-TRAME-768x452.jpg\" class=\"slide-histoire__img\" alt=\"\" srcset=\"https:\/\/www.saintlouis-sucre.com\/wp-content\/uploads\/2024\/01\/1856-TRAME-768x452.jpg 768w, https:\/\/www.saintlouis-sucre.com\/wp-content\/uploads\/2024\/01\/1856-TRAME-300x176.jpg 300w, https:\/\/www.saintlouis-sucre.com\/wp-content\/uploads\/2024\/01\/1856-TRAME.jpg 1080w\" sizes=\"(max-width: 768px) 100vw, 768px\" \/>\t\t\t\t\t\t\t\t<\/div>\n\t\t\t\t\t\t\t<\/div>\n\t\t\t\t\t\t<\/div>\n\t\t\t\t\t<\/div><div class=\"swiper-slide\">\n\n\t\t\t\t\t\t<div class=\"swiper-histoire__slide slide-histoire\">\n\t\t\t\t\t\t\t<div class=\"slide-histoire__title\">1864<\/div>\n\t\t\t\t\t\t\t<div class=\"flex slide-histoire__flex\">\n\t\t\t\t\t\t\t\t<div class=\"slide-histoire__col slide-histoire__content\"><h2>Etr\u00e9pagny sugar factory<\/h2>\n<p>The \u00c9tr\u00e9pagny sugar factory was founded in 1864 by Arthur Le Boeuf, an engineer specialized in the sugar industry. This sugar factory played a significant role in the development of beet sugar production in Normandy. This sugar factory played a significant role in the development of beet sugar production in Normandy. It was fitted with the most advanced technologies of the time to extract sugar from beet efficiently. As a result, Normandy has become one of France&#8217;s leading beet sugar-producing regions, thanks to its favourable climate and well-adapted soils.<\/p>\n<\/div>\n\t\t\t\t\t\t\t\t<div class=\"slide-histoire__col slide-histoire__img-container\">\n\t\t\t\t\t\t\t\t\t<img decoding=\"async\" width=\"740\" height=\"921\" src=\"https:\/\/www.saintlouis-sucre.com\/wp-content\/uploads\/2023\/12\/img-histoire-1864.webp\" class=\"slide-histoire__img\" alt=\"1864 : Fondation de la sucrerie d\u2019\u00c9tr\u00e9pagny\" srcset=\"https:\/\/www.saintlouis-sucre.com\/wp-content\/uploads\/2023\/12\/img-histoire-1864.webp 740w, https:\/\/www.saintlouis-sucre.com\/wp-content\/uploads\/2023\/12\/img-histoire-1864-241x300.webp 241w\" sizes=\"(max-width: 740px) 100vw, 740px\" \/>\t\t\t\t\t\t\t\t<\/div>\n\t\t\t\t\t\t\t<\/div>\n\t\t\t\t\t\t<\/div>\n\t\t\t\t\t<\/div><div class=\"swiper-slide\">\n\n\t\t\t\t\t\t<div class=\"swiper-histoire__slide slide-histoire\">\n\t\t\t\t\t\t\t<div class=\"slide-histoire__title\">1865<\/div>\n\t\t\t\t\t\t\t<div class=\"flex slide-histoire__flex\">\n\t\t\t\t\t\t\t\t<div class=\"slide-histoire__col slide-histoire__content\"><h2>The birth of the Saint\u00a0Louis brand<\/h2>\n<p>The Saint\u00a0Louis cane sugar refineries are founded in Marseille. The Saint-Louis district, which gave them their name, is one of Marseille&#8217;s historic districts and a major industrial centre due to its role in the sugar industry. This is how the Saint\u00a0Louis brand was born, and how the date 1865 became the date of creation of our brand of cane sugar, then beet sugar.<\/p>\n<\/div>\n\t\t\t\t\t\t\t\t<div class=\"slide-histoire__col slide-histoire__img-container\">\n\t\t\t\t\t\t\t\t\t<img decoding=\"async\" width=\"740\" height=\"921\" src=\"https:\/\/www.saintlouis-sucre.com\/wp-content\/uploads\/2023\/12\/img-histoire-1865.webp\" class=\"slide-histoire__img\" alt=\"1865 : La naissance de la marque Saint\u00a0Louis\" srcset=\"https:\/\/www.saintlouis-sucre.com\/wp-content\/uploads\/2023\/12\/img-histoire-1865.webp 740w, https:\/\/www.saintlouis-sucre.com\/wp-content\/uploads\/2023\/12\/img-histoire-1865-241x300.webp 241w\" sizes=\"(max-width: 740px) 100vw, 740px\" \/>\t\t\t\t\t\t\t\t<\/div>\n\t\t\t\t\t\t\t<\/div>\n\t\t\t\t\t\t<\/div>\n\t\t\t\t\t<\/div><div class=\"swiper-slide\">\n\n\t\t\t\t\t\t<div class=\"swiper-histoire__slide slide-histoire\">\n\t\t\t\t\t\t\t<div class=\"slide-histoire__title\">1894-1928<\/div>\n\t\t\t\t\t\t\t<div class=\"flex slide-histoire__flex\">\n\t\t\t\t\t\t\t\t<div class=\"slide-histoire__col slide-histoire__content\"><h2>The start of exports<\/h2>\n<p>The Saint\u00a0Louis brand starts exporting to North Africa and the Persian Gulf, and sets up refineries in Morocco and Madagascar. It became an emblematic brand in these regions thanks to its logo depicting a reclining lion. It is synonymous with top quality sugar and is becoming very popular with foreign consumers. The brand has thus become a major player on the international sugar industry scene.<\/p>\n<\/div>\n\t\t\t\t\t\t\t\t<div class=\"slide-histoire__col slide-histoire__img-container\">\n\t\t\t\t\t\t\t\t\t<img decoding=\"async\" width=\"740\" height=\"921\" src=\"https:\/\/www.saintlouis-sucre.com\/wp-content\/uploads\/2023\/12\/img-histoire-1824-1928.webp\" class=\"slide-histoire__img\" alt=\"Le d\u00e9but des exportations\" srcset=\"https:\/\/www.saintlouis-sucre.com\/wp-content\/uploads\/2023\/12\/img-histoire-1824-1928.webp 740w, https:\/\/www.saintlouis-sucre.com\/wp-content\/uploads\/2023\/12\/img-histoire-1824-1928-241x300.webp 241w\" sizes=\"(max-width: 740px) 100vw, 740px\" \/>\t\t\t\t\t\t\t\t<\/div>\n\t\t\t\t\t\t\t<\/div>\n\t\t\t\t\t\t<\/div>\n\t\t\t\t\t<\/div><div class=\"swiper-slide\">\n\n\t\t\t\t\t\t<div class=\"swiper-histoire__slide slide-histoire\">\n\t\t\t\t\t\t\t<div class=\"slide-histoire__title\">1968-1996<\/div>\n\t\t\t\t\t\t\t<div class=\"flex slide-histoire__flex\">\n\t\t\t\t\t\t\t\t<div class=\"slide-histoire__col slide-histoire__content\"><h2>The creation of &#8220;G\u00e9n\u00e9ral Sucri\u00e8re&#8221; group<\/h2>\n<p>Following a need to structure and consolidate the business in a more coherent way, the G\u00e9n\u00e9ral Sucri\u00e8re Group was created from a number of earlier companies. Over the years, sugar factories in Hauts-de-France and Normandy have also been included. Commercialisation is carried out by a new dedicated subsidiary, Eurosucre.<\/p>\n<\/div>\n\t\t\t\t\t\t\t\t<div class=\"slide-histoire__col slide-histoire__img-container\">\n\t\t\t\t\t\t\t\t\t<img decoding=\"async\" width=\"740\" height=\"921\" src=\"https:\/\/www.saintlouis-sucre.com\/wp-content\/uploads\/2023\/12\/img-histoire-1968-1996.webp\" class=\"slide-histoire__img\" alt=\"1968-1996 : La cr\u00e9ation du groupe g\u00e9n\u00e9ral Sucri\u00e8re\" srcset=\"https:\/\/www.saintlouis-sucre.com\/wp-content\/uploads\/2023\/12\/img-histoire-1968-1996.webp 740w, https:\/\/www.saintlouis-sucre.com\/wp-content\/uploads\/2023\/12\/img-histoire-1968-1996-241x300.webp 241w\" sizes=\"(max-width: 740px) 100vw, 740px\" \/>\t\t\t\t\t\t\t\t<\/div>\n\t\t\t\t\t\t\t<\/div>\n\t\t\t\t\t\t<\/div>\n\t\t\t\t\t<\/div><div class=\"swiper-slide\">\n\n\t\t\t\t\t\t<div class=\"swiper-histoire__slide slide-histoire\">\n\t\t\t\t\t\t\t<div class=\"slide-histoire__title\">1998-2000<\/div>\n\t\t\t\t\t\t\t<div class=\"flex slide-histoire__flex\">\n\t\t\t\t\t\t\t\t<div class=\"slide-histoire__col slide-histoire__content\"><h2>The birth of Saint\u00a0Louis\u00a0Sucre<\/h2>\n<p>The S\u00fcdzucker Group, a German company and a major player in the European sugar industry, acquires Saint Louis Sucre to strengthen its presence on the French market and expand its beet sugar production capacity. The sugar market is increasingly competitive, and this acquisition is part of the consolidation of the sugar industry in Europe.<\/p>\n<\/div>\n\t\t\t\t\t\t\t\t<div class=\"slide-histoire__col slide-histoire__img-container\">\n\t\t\t\t\t\t\t\t\t<img decoding=\"async\" width=\"740\" height=\"921\" src=\"https:\/\/www.saintlouis-sucre.com\/wp-content\/uploads\/2023\/12\/img-histoire-1998-2000.webp\" class=\"slide-histoire__img\" alt=\"1998-2000 : La naissance de Saint\u00a0Louis\u00a0Sucre\" srcset=\"https:\/\/www.saintlouis-sucre.com\/wp-content\/uploads\/2023\/12\/img-histoire-1998-2000.webp 740w, https:\/\/www.saintlouis-sucre.com\/wp-content\/uploads\/2023\/12\/img-histoire-1998-2000-241x300.webp 241w\" sizes=\"(max-width: 740px) 100vw, 740px\" \/>\t\t\t\t\t\t\t\t<\/div>\n\t\t\t\t\t\t\t<\/div>\n\t\t\t\t\t\t<\/div>\n\t\t\t\t\t<\/div><div class=\"swiper-slide\">\n\n\t\t\t\t\t\t<div class=\"swiper-histoire__slide slide-histoire\">\n\t\t\t\t\t\t\t<div class=\"slide-histoire__title\">Since 2007<\/div>\n\t\t\t\t\t\t\t<div class=\"flex slide-histoire__flex\">\n\t\t\t\t\t\t\t\t<div class=\"slide-histoire__col slide-histoire__content\"><h2>The development of packaging in Roye<\/h2>\n<p>Saint Louis Sucre is building a new packaging plant in close proximity to the Roye sugar refinery. Over the years, the plant continued to grow, and various workshops were commissioned. The plant was inaugurated in 2009. Roye Conditionnement becomes a flagship packaging plant for S\u00fcdzucker and Saint Louis Sucre, and will become the company&#8217;s headquarters in 2022.<\/p>\n<\/div>\n\t\t\t\t\t\t\t\t<div class=\"slide-histoire__col slide-histoire__img-container\">\n\t\t\t\t\t\t\t\t\t<img decoding=\"async\" width=\"768\" height=\"830\" src=\"https:\/\/www.saintlouis-sucre.com\/wp-content\/uploads\/2024\/01\/usine-roye-frise-768x830.webp\" class=\"slide-histoire__img\" alt=\"\" srcset=\"https:\/\/www.saintlouis-sucre.com\/wp-content\/uploads\/2024\/01\/usine-roye-frise-768x830.webp 768w, https:\/\/www.saintlouis-sucre.com\/wp-content\/uploads\/2024\/01\/usine-roye-frise-278x300.webp 278w, https:\/\/www.saintlouis-sucre.com\/wp-content\/uploads\/2024\/01\/usine-roye-frise.webp 833w\" sizes=\"(max-width: 768px) 100vw, 768px\" \/>\t\t\t\t\t\t\t\t<\/div>\n\t\t\t\t\t\t\t<\/div>\n\t\t\t\t\t\t<\/div>\n\t\t\t\t\t<\/div>\t\t\t<\/div>\n\t\t<\/div>\n\t\t<div class=\"swiper-histoire__btn-container wrap flex\">\n\t\t\t<div class=\"block_615d2093747e0e5446b91db61e98d4b3 swiper-histoire__btn swiper-histoire__btn--prev\"><\/div>\n\t\t\t<div class=\"block_615d2093747e0e5446b91db61e98d4b3 swiper-histoire__btn swiper-histoire__btn--next\"><\/div>\n\t\t<\/div>\n\t<\/div>\n\n\t<script type=\"text\/javascript\">\n\twindow.addEventListener('load', function() \n\t{\n\t\tlet mySwiperHistoire;\n\t\tlet labels = JSON.parse('[\"1831\",\"1830-1860\",\"1864\",\"1865\",\"1894-1928\",\"1968-1996\",\"1998-2000\",\"Since 2007\"]');\n\n\t\tconst initSwiperHistoire = function()\n\t\t{\n\t\t\tif($('#block_615d2093747e0e5446b91db61e98d4b3.swiper-histoire').length)\n\t\t\t{\n\t\t\t\tmySwiperHistoire = new Swiper('#block_615d2093747e0e5446b91db61e98d4b3.swiper-histoire', {\n\t\t  \n\t\t\t\t\tdirection: 'horizontal',\n\t\t\t\t\tloop: false,\n\t\t\t\t\tslidesPerView: 1,\n\t\t\t\t\tslidesOffsetAfter: 0,\n\t\t\t\t\tslidesOffsetBefore: 0,\n\t\t\t\t\tspaceBetween: 10,\n\t\t\t\t\tspeed: 1000,\n\t\t\t\t\tpagination: {\n\t\t\t\t\t\tel: '#block_615d2093747e0e5446b91db61e98d4b3-pagination',\n\t\t\t\t\t\tclickable: true,\n\t\t\t\t\t\trenderBullet: function (index, className) {\n\t\t\t\t\t\t\treturn '<div class=\"' + className + '\">' + (labels[index]) + '<\/div>';\n\t\t\t\t\t\t},\n\t\t\t\t\t},\n\t\t\t\t\tnavigation: {\n\t\t\t\t\t\tnextEl: '.swiper-histoire__btn--next',\n\t\t\t\t\t\tprevEl: '.swiper-histoire__btn--prev',\n\t\t\t\t\t}\n\t\t\t\t});\n\n\t\t\t\t\/\/ Evenement select -> swiper\n\t\t\t\t$('#block_615d2093747e0e5446b91db61e98d4b3-dates-select').on('change', function(e) \n\t\t\t\t{\n\t\t\t\t\tmySwiperHistoire.slideTo($(this)[0].selectedIndex);\n\t\t\t\t});\n\n\t\t\t\t\/\/ Evenement swiper -> select\n\t\t\t\tmySwiperHistoire.on('slideChange', function(e) \n\t\t\t\t{\n\t\t\t\t\t$('#block_615d2093747e0e5446b91db61e98d4b3-dates-select')[0].selectedIndex = mySwiperHistoire.activeIndex;\n\t\t\t\t});\n\t\t\t}\n\t\t}\n\t\tinitSwiperHistoire();\n\n\t}, false);\n\t<\/script>\n\n\t<\/div><\/section>\n","protected":false},"excerpt":{"rendered":"","protected":false},"author":1,"featured_media":0,"parent":769,"menu_order":0,"comment_status":"closed","ping_status":"closed","template":"","meta":{"_acf_changed":false,"inline_featured_image":false,"_uag_custom_page_level_css":"","footnotes":""},"class_list":["post-1333","page","type-page","status-publish","hentry"],"acf":[],"yoast_head":"<!-- This site is optimized with the Yoast SEO plugin v26.9 - https:\/\/yoast.com\/product\/yoast-seo-wordpress\/ -->\n<title>History - Saint Louis Sucre<\/title>\n<meta name=\"description\" content=\"Explore in dates the key moments that have helped shape Saint Louis Sucre&#039;s expertise and know-how over the decades.\" \/>\n<meta name=\"robots\" content=\"index, follow, max-snippet:-1, max-image-preview:large, max-video-preview:-1\" \/>\n<link rel=\"canonical\" href=\"https:\/\/www.saintlouis-sucre.com\/en\/who-we-are\/history\/\" \/>\n<meta property=\"og:locale\" content=\"en_US\" \/>\n<meta property=\"og:type\" content=\"article\" \/>\n<meta property=\"og:title\" content=\"History - Saint Louis Sucre\" \/>\n<meta property=\"og:description\" content=\"Explore in dates the key moments that have helped shape Saint Louis Sucre&#039;s expertise and know-how over the decades.\" \/>\n<meta property=\"og:url\" content=\"https:\/\/www.saintlouis-sucre.com\/en\/who-we-are\/history\/\" \/>\n<meta property=\"og:site_name\" content=\"Saint Louis Sucre\" \/>\n<meta property=\"article:modified_time\" content=\"2024-05-14T10:03:08+00:00\" \/>\n<meta property=\"og:image\" content=\"https:\/\/www.saintlouis-sucre.com\/wp-content\/uploads\/2024\/01\/La-fabrique-du-sucre-scaled.jpg\" \/>\n<meta name=\"twitter:card\" content=\"summary_large_image\" \/>\n<meta name=\"twitter:label1\" content=\"Est. reading time\" \/>\n\t<meta name=\"twitter:data1\" content=\"1 minute\" \/>\n<script type=\"application\/ld+json\" class=\"yoast-schema-graph\">{\"@context\":\"https:\/\/schema.org\",\"@graph\":[{\"@type\":\"WebPage\",\"@id\":\"https:\/\/www.saintlouis-sucre.com\/en\/who-we-are\/history\/\",\"url\":\"https:\/\/www.saintlouis-sucre.com\/en\/who-we-are\/history\/\",\"name\":\"History - Saint Louis Sucre\",\"isPartOf\":{\"@id\":\"https:\/\/www.saintlouis-sucre.com\/en\/#website\"},\"primaryImageOfPage\":{\"@id\":\"https:\/\/www.saintlouis-sucre.com\/en\/who-we-are\/history\/#primaryimage\"},\"image\":{\"@id\":\"https:\/\/www.saintlouis-sucre.com\/en\/who-we-are\/history\/#primaryimage\"},\"thumbnailUrl\":\"https:\/\/www.saintlouis-sucre.com\/wp-content\/uploads\/2024\/01\/La-fabrique-du-sucre-scaled.jpg\",\"datePublished\":\"2023-12-13T08:56:00+00:00\",\"dateModified\":\"2024-05-14T10:03:08+00:00\",\"description\":\"Explore in dates the key moments that have helped shape Saint Louis Sucre's expertise and know-how over the decades.\",\"breadcrumb\":{\"@id\":\"https:\/\/www.saintlouis-sucre.com\/en\/who-we-are\/history\/#breadcrumb\"},\"inLanguage\":\"en-US\",\"potentialAction\":[{\"@type\":\"ReadAction\",\"target\":[\"https:\/\/www.saintlouis-sucre.com\/en\/who-we-are\/history\/\"]}]},{\"@type\":\"ImageObject\",\"inLanguage\":\"en-US\",\"@id\":\"https:\/\/www.saintlouis-sucre.com\/en\/who-we-are\/history\/#primaryimage\",\"url\":\"https:\/\/www.saintlouis-sucre.com\/wp-content\/uploads\/2024\/01\/La-fabrique-du-sucre-scaled.jpg\",\"contentUrl\":\"https:\/\/www.saintlouis-sucre.com\/wp-content\/uploads\/2024\/01\/La-fabrique-du-sucre-scaled.jpg\"},{\"@type\":\"BreadcrumbList\",\"@id\":\"https:\/\/www.saintlouis-sucre.com\/en\/who-we-are\/history\/#breadcrumb\",\"itemListElement\":[{\"@type\":\"ListItem\",\"position\":1,\"name\":\"Accueil\",\"item\":\"https:\/\/www.saintlouis-sucre.com\/en\/\"},{\"@type\":\"ListItem\",\"position\":2,\"name\":\"Who are we?\",\"item\":\"https:\/\/www.saintlouis-sucre.com\/en\/who-we-are\/\"},{\"@type\":\"ListItem\",\"position\":3,\"name\":\"History\"}]},{\"@type\":\"WebSite\",\"@id\":\"https:\/\/www.saintlouis-sucre.com\/en\/#website\",\"url\":\"https:\/\/www.saintlouis-sucre.com\/en\/\",\"name\":\"Saint Louis Sucre\",\"description\":\"Saint Louis Sucre, engag\u00e9s pour produire des sucres de qualit\u00e9\",\"potentialAction\":[{\"@type\":\"SearchAction\",\"target\":{\"@type\":\"EntryPoint\",\"urlTemplate\":\"https:\/\/www.saintlouis-sucre.com\/en\/?s={search_term_string}\"},\"query-input\":{\"@type\":\"PropertyValueSpecification\",\"valueRequired\":true,\"valueName\":\"search_term_string\"}}],\"inLanguage\":\"en-US\"}]}<\/script>\n<!-- \/ Yoast SEO plugin. -->","yoast_head_json":{"title":"History - Saint Louis Sucre","description":"Explore in dates the key moments that have helped shape Saint Louis Sucre's expertise and know-how over the decades.","robots":{"index":"index","follow":"follow","max-snippet":"max-snippet:-1","max-image-preview":"max-image-preview:large","max-video-preview":"max-video-preview:-1"},"canonical":"https:\/\/www.saintlouis-sucre.com\/en\/who-we-are\/history\/","og_locale":"en_US","og_type":"article","og_title":"History - Saint Louis Sucre","og_description":"Explore in dates the key moments that have helped shape Saint Louis Sucre's expertise and know-how over the decades.","og_url":"https:\/\/www.saintlouis-sucre.com\/en\/who-we-are\/history\/","og_site_name":"Saint Louis Sucre","article_modified_time":"2024-05-14T10:03:08+00:00","og_image":[{"url":"https:\/\/www.saintlouis-sucre.com\/wp-content\/uploads\/2024\/01\/La-fabrique-du-sucre-scaled.jpg","type":"","width":"","height":""}],"twitter_card":"summary_large_image","twitter_misc":{"Est. reading time":"1 minute"},"schema":{"@context":"https:\/\/schema.org","@graph":[{"@type":"WebPage","@id":"https:\/\/www.saintlouis-sucre.com\/en\/who-we-are\/history\/","url":"https:\/\/www.saintlouis-sucre.com\/en\/who-we-are\/history\/","name":"History - Saint Louis Sucre","isPartOf":{"@id":"https:\/\/www.saintlouis-sucre.com\/en\/#website"},"primaryImageOfPage":{"@id":"https:\/\/www.saintlouis-sucre.com\/en\/who-we-are\/history\/#primaryimage"},"image":{"@id":"https:\/\/www.saintlouis-sucre.com\/en\/who-we-are\/history\/#primaryimage"},"thumbnailUrl":"https:\/\/www.saintlouis-sucre.com\/wp-content\/uploads\/2024\/01\/La-fabrique-du-sucre-scaled.jpg","datePublished":"2023-12-13T08:56:00+00:00","dateModified":"2024-05-14T10:03:08+00:00","description":"Explore in dates the key moments that have helped shape Saint Louis Sucre's expertise and know-how over the decades.","breadcrumb":{"@id":"https:\/\/www.saintlouis-sucre.com\/en\/who-we-are\/history\/#breadcrumb"},"inLanguage":"en-US","potentialAction":[{"@type":"ReadAction","target":["https:\/\/www.saintlouis-sucre.com\/en\/who-we-are\/history\/"]}]},{"@type":"ImageObject","inLanguage":"en-US","@id":"https:\/\/www.saintlouis-sucre.com\/en\/who-we-are\/history\/#primaryimage","url":"https:\/\/www.saintlouis-sucre.com\/wp-content\/uploads\/2024\/01\/La-fabrique-du-sucre-scaled.jpg","contentUrl":"https:\/\/www.saintlouis-sucre.com\/wp-content\/uploads\/2024\/01\/La-fabrique-du-sucre-scaled.jpg"},{"@type":"BreadcrumbList","@id":"https:\/\/www.saintlouis-sucre.com\/en\/who-we-are\/history\/#breadcrumb","itemListElement":[{"@type":"ListItem","position":1,"name":"Accueil","item":"https:\/\/www.saintlouis-sucre.com\/en\/"},{"@type":"ListItem","position":2,"name":"Who are we?","item":"https:\/\/www.saintlouis-sucre.com\/en\/who-we-are\/"},{"@type":"ListItem","position":3,"name":"History"}]},{"@type":"WebSite","@id":"https:\/\/www.saintlouis-sucre.com\/en\/#website","url":"https:\/\/www.saintlouis-sucre.com\/en\/","name":"Saint Louis Sucre","description":"Saint Louis Sucre, engag\u00e9s pour produire des sucres de qualit\u00e9","potentialAction":[{"@type":"SearchAction","target":{"@type":"EntryPoint","urlTemplate":"https:\/\/www.saintlouis-sucre.com\/en\/?s={search_term_string}"},"query-input":{"@type":"PropertyValueSpecification","valueRequired":true,"valueName":"search_term_string"}}],"inLanguage":"en-US"}]}},"uagb_featured_image_src":{"full":false,"thumbnail":false,"medium":false,"medium_large":false,"large":false,"1536x1536":false,"2048x2048":false,"larger":false,"gform-image-choice-sm":false,"gform-image-choice-md":false,"gform-image-choice-lg":false},"uagb_author_info":{"display_name":"admin_sls","author_link":"https:\/\/www.saintlouis-sucre.com\/en\/author\/admin_sls\/"},"uagb_comment_info":0,"uagb_excerpt":null,"_links":{"self":[{"href":"https:\/\/www.saintlouis-sucre.com\/en\/wp-json\/wp\/v2\/pages\/1333","targetHints":{"allow":["GET"]}}],"collection":[{"href":"https:\/\/www.saintlouis-sucre.com\/en\/wp-json\/wp\/v2\/pages"}],"about":[{"href":"https:\/\/www.saintlouis-sucre.com\/en\/wp-json\/wp\/v2\/types\/page"}],"author":[{"embeddable":true,"href":"https:\/\/www.saintlouis-sucre.com\/en\/wp-json\/wp\/v2\/users\/1"}],"replies":[{"embeddable":true,"href":"https:\/\/www.saintlouis-sucre.com\/en\/wp-json\/wp\/v2\/comments?post=1333"}],"version-history":[{"count":3,"href":"https:\/\/www.saintlouis-sucre.com\/en\/wp-json\/wp\/v2\/pages\/1333\/revisions"}],"predecessor-version":[{"id":2164,"href":"https:\/\/www.saintlouis-sucre.com\/en\/wp-json\/wp\/v2\/pages\/1333\/revisions\/2164"}],"up":[{"embeddable":true,"href":"https:\/\/www.saintlouis-sucre.com\/en\/wp-json\/wp\/v2\/pages\/769"}],"wp:attachment":[{"href":"https:\/\/www.saintlouis-sucre.com\/en\/wp-json\/wp\/v2\/media?parent=1333"}],"curies":[{"name":"wp","href":"https:\/\/api.w.org\/{rel}","templated":true}]}}