{"id":1211,"date":"2023-12-13T16:36:57","date_gmt":"2023-12-13T15:36:57","guid":{"rendered":"https:\/\/www.saintlouis-sucre.com\/our-csr-commitments\/teams\/"},"modified":"2024-06-20T10:31:28","modified_gmt":"2024-06-20T08:31:28","slug":"teams","status":"publish","type":"page","link":"https:\/\/www.saintlouis-sucre.com\/en\/our-csr-commitments\/teams\/","title":{"rendered":"People"},"content":{"rendered":"\n<section class=\"wp-block-cover cover-banniere-rse\" style=\"min-height:780px;aspect-ratio:unset;\"><span aria-hidden=\"true\" class=\"wp-block-cover__background has-background-dim-0 has-background-dim\"><\/span><img decoding=\"async\" width=\"2250\" height=\"1165\" class=\"wp-block-cover__image-background wp-image-1111\" alt=\"L\u2019un de nos principaux engagements est de garantir leur s\u00e9curit\u00e9, leur sant\u00e9 et leur qualit\u00e9 de vie au travail.\" src=\"https:\/\/www.saintlouis-sucre.com\/wp-content\/uploads\/2023\/12\/img-header-equipes.webp\" data-object-fit=\"cover\" srcset=\"https:\/\/www.saintlouis-sucre.com\/wp-content\/uploads\/2023\/12\/img-header-equipes.webp 2250w, https:\/\/www.saintlouis-sucre.com\/wp-content\/uploads\/2023\/12\/img-header-equipes-300x155.webp 300w, https:\/\/www.saintlouis-sucre.com\/wp-content\/uploads\/2023\/12\/img-header-equipes-1400x725.webp 1400w, https:\/\/www.saintlouis-sucre.com\/wp-content\/uploads\/2023\/12\/img-header-equipes-768x398.webp 768w, https:\/\/www.saintlouis-sucre.com\/wp-content\/uploads\/2023\/12\/img-header-equipes-1536x795.webp 1536w, https:\/\/www.saintlouis-sucre.com\/wp-content\/uploads\/2023\/12\/img-header-equipes-2048x1060.webp 2048w, https:\/\/www.saintlouis-sucre.com\/wp-content\/uploads\/2023\/12\/img-header-equipes-1800x932.webp 1800w\" sizes=\"(max-width: 2250px) 100vw, 2250px\" \/><div class=\"wp-block-cover__inner-container is-layout-constrained wp-block-cover-is-layout-constrained\">\n<p class=\"has-text-align-center has-large-font-size\"><\/p>\n<\/div><\/section>\n\n\n\n<section class=\"wp-block-uagb-section uagb-section__wrap uagb-section__background-color uagb-block-f78b0eb2 titre-rse\"><div class=\"uagb-section__overlay\"><\/div><div class=\"uagb-section__inner-wrap\">\n<h1 class=\"wp-block-heading has-text-align-center has-blanc-color has-text-color has-link-color wp-elements-b52ccae105b65e7b321628152fa535ec\">Taking care of our employees<\/h1>\n\n\n\n<p class=\"has-text-align-center has-blanc-color has-text-color has-link-color wp-elements-38fb00a542c8dcd0c1896a1dae82ad6f\">It is the men and women in our teams who bring our company and our values to life. One of our main commitments is to guarantee their safety, health and quality of life at work. We want to go further and help everyone become aware of the challenges of sustainable development and take action, at their own level, for the ecological transition.<\/p>\n<\/div><\/section>\n\n\n<div class=\"yoast-breadcrumbs\"><span><span><a href=\"https:\/\/www.saintlouis-sucre.com\/en\/\">Accueil<\/a><\/span> <span class=\"sep\">\u203a<\/span> <span><a href=\"https:\/\/www.saintlouis-sucre.com\/en\/our-csr-commitments\/\">Our sustainability commitments<\/a><\/span> <span class=\"sep\">\u203a<\/span> <span class=\"breadcrumb_last\" aria-current=\"page\">People<\/span><\/span><\/div>\n\n\n<section class=\"wp-block-uagb-section uagb-section__wrap uagb-section__background-none uagb-block-ecda5fe0\"><div class=\"uagb-section__overlay\"><\/div><div class=\"uagb-section__inner-wrap\">\n<p>ISSUE NO. 5<\/p>\n\n\n\n<h2 class=\"wp-block-heading has-vert-1-color has-text-color has-link-color wp-elements-74713ab94dc9f664c6be2249ddb78539\">Guaranteeing the health, safety and quality of life at work of our employees<\/h2>\n\n\n\n<div class=\"wp-block-media-text is-stacked-on-mobile is-vertically-aligned-top\"><figure class=\"wp-block-media-text__media\"><img decoding=\"async\" width=\"472\" height=\"516\" src=\"https:\/\/www.saintlouis-sucre.com\/wp-content\/uploads\/2024\/06\/nos-engagements-rse-equipes-1.jpg\" alt=\"\" class=\"wp-image-2244 size-full\" srcset=\"https:\/\/www.saintlouis-sucre.com\/wp-content\/uploads\/2024\/06\/nos-engagements-rse-equipes-1.jpg 472w, https:\/\/www.saintlouis-sucre.com\/wp-content\/uploads\/2024\/06\/nos-engagements-rse-equipes-1-274x300.jpg 274w\" sizes=\"(max-width: 472px) 100vw, 472px\" \/><\/figure><div class=\"wp-block-media-text__content\">\n<p>Safety at work for our employees has been one of the pillars of our internal policy for many years, through the Sugar Division&#8217;s Safety First program. We are well aware of the risks associated with our business and do everything we can to avoid them. We are also committed to quality of life at work, which involves a number of key issues: work-life balance, recognition, skills development, employability and career development.<\/p>\n\n\n\n<p><strong>Objectives:<\/strong> <br>&gt; Zero workplace accidents by 2025 <br>&gt; Maintain training at 3% of the wage bill (the French average is 1.4%, source INSEE) <br>&gt;  2% contribution to supplementary pension plan.<\/p>\n<\/div><\/div>\n\n\n\n<div class=\"wp-block-columns flex--align-center is-layout-flex wp-container-core-columns-is-layout-9d6595d7 wp-block-columns-is-layout-flex\">\n<div class=\"wp-block-column is-layout-flow wp-block-column-is-layout-flow\">\n<div class=\"wp-block-media-text is-stacked-on-mobile is-vertically-aligned-center picto\" style=\"grid-template-columns:18% auto\"><figure class=\"wp-block-media-text__media\"><img decoding=\"async\" width=\"136\" height=\"114\" src=\"https:\/\/www.saintlouis-sucre.com\/wp-content\/uploads\/2024\/01\/diplome_key_figure.svg\" alt=\"\" class=\"wp-image-1492 size-full\"\/><\/figure><div class=\"wp-block-media-text__content\">\n<p class=\"has-vert-2-color has-text-color has-link-color wp-elements-cf97416eee3655e12add9f4329e8f4ee\"><strong>57% of training hours will be dedicated to industrial safety by 2022<\/strong><\/p>\n<\/div><\/div>\n<\/div>\n\n\n\n<div class=\"wp-block-column is-layout-flow wp-block-column-is-layout-flow\">\n<div class=\"wp-block-media-text is-stacked-on-mobile is-vertically-aligned-center picto\" style=\"grid-template-columns:25% auto\"><figure class=\"wp-block-media-text__media\"><img decoding=\"async\" width=\"201\" height=\"97\" src=\"https:\/\/www.saintlouis-sucre.com\/wp-content\/uploads\/2023\/12\/discussion2.svg\" alt=\"\" class=\"wp-image-1130 size-full\"\/><\/figure><div class=\"wp-block-media-text__content\">\n<p class=\"has-vert-2-color has-text-color has-link-color wp-elements-7de441ed8edd1a2a66c57021c63a7088\"><strong>Gender equality index: 88\/100 in 2023<\/strong><\/p>\n<\/div><\/div>\n<\/div>\n<\/div>\n<\/div><\/section>\n\n\n\n<section class=\"wp-block-uagb-section uagb-section__wrap uagb-section__background-color uagb-block-9d3ee3f6 mt-5\"><div class=\"uagb-section__overlay\"><\/div><div class=\"uagb-section__inner-wrap\">\n<p class=\"has-text-align-center has-blanc-color has-text-color has-link-color wp-elements-0d2e71d2cc2554a15101922d3ff655a4\">&#8220;We are convinced that the quality of the assignments we carry out depends on the professionalism of each of our employees, and on their personal fulfillment. That&#8217;s why we ensure that the skills we offer are appropriate to our many business lines, and pay particular attention to employability by encouraging internal career paths wherever possible. We also pay particular attention to the working environment, improving it every year. At Saint Louis Sucre, being &#8220;well in your job&#8221; with good working conditions is already a success!&#8221;<\/p>\n\n\n\n<p class=\"has-text-align-center has-blanc-color has-text-color has-link-color wp-elements-49ac994965306a90f79cb1ea753938ec\"><strong>Fabrice Gaussou, <br>HRD Saint Louis Sucre<\/strong><\/p>\n<\/div><\/section>\n\n\n\n<section class=\"wp-block-uagb-section uagb-section__wrap uagb-section__background-none uagb-block-883ec85f\"><div class=\"uagb-section__overlay\"><\/div><div class=\"uagb-section__inner-wrap\">\n<p>ISSUE NO. 6<\/p>\n\n\n\n<h2 class=\"wp-block-heading has-vert-1-color has-text-color has-link-color wp-elements-53dccd557387c40611ec07fba4dbff79\">Enabling each of us to take action at our own level to promote the ecological transition and local dynamism<\/h2>\n\n\n\n<div class=\"wp-block-media-text is-stacked-on-mobile is-vertically-aligned-top\"><figure class=\"wp-block-media-text__media\"><img decoding=\"async\" width=\"1102\" height=\"792\" src=\"https:\/\/www.saintlouis-sucre.com\/wp-content\/uploads\/2023\/12\/img-equipe-enjeu-6.webp\" alt=\"Enabling each and every one of us to take action at our own level to promote the ecological transition and local dynamism\" class=\"wp-image-1120 size-full\" srcset=\"https:\/\/www.saintlouis-sucre.com\/wp-content\/uploads\/2023\/12\/img-equipe-enjeu-6.webp 1102w, https:\/\/www.saintlouis-sucre.com\/wp-content\/uploads\/2023\/12\/img-equipe-enjeu-6-300x216.webp 300w, https:\/\/www.saintlouis-sucre.com\/wp-content\/uploads\/2023\/12\/img-equipe-enjeu-6-768x552.webp 768w\" sizes=\"(max-width: 1102px) 100vw, 1102px\" \/><\/figure><div class=\"wp-block-media-text__content\">\n<p>Our aim is to enable everyone to act enthusiastically at their own level to promote the ecological transition and the dynamism of our regions. Our employees are first and foremost citizens who expect these commitments from a company like ours. <\/p>\n\n\n\n<p><strong>Objective:<\/strong> <br>&gt; By 2025, annual development interviews will include a sustainable development section.<\/p>\n<\/div><\/div>\n\n\n\n<div class=\"wp-block-columns flex--align-center is-layout-flex wp-container-core-columns-is-layout-9d6595d7 wp-block-columns-is-layout-flex\">\n<div class=\"wp-block-column is-layout-flow wp-block-column-is-layout-flow\">\n<div class=\"wp-block-media-text is-stacked-on-mobile is-vertically-aligned-center picto\" style=\"grid-template-columns:18% auto\"><figure class=\"wp-block-media-text__media\"><img decoding=\"async\" width=\"127\" height=\"111\" src=\"https:\/\/www.saintlouis-sucre.com\/wp-content\/uploads\/2023\/12\/ver.svg\" alt=\"\" class=\"wp-image-1124 size-full\"\/><\/figure><div class=\"wp-block-media-text__content\">\n<p class=\"has-vert-2-color has-text-color has-link-color wp-elements-3f8328b3f9ad8663d0a705ddaa8d63ae\"><strong>100% of crop inspectors are trained in soil conservation agriculture and have taken a diploma course in regenerative agriculture at UniLaSalle in Beauvais.<\/strong><\/p>\n<\/div><\/div>\n<\/div>\n\n\n\n<div class=\"wp-block-column is-layout-flow wp-block-column-is-layout-flow\">\n<div class=\"wp-block-media-text is-stacked-on-mobile is-vertically-aligned-center picto\" style=\"grid-template-columns:17% auto\"><figure class=\"wp-block-media-text__media\"><img decoding=\"async\" width=\"128\" height=\"128\" src=\"https:\/\/www.saintlouis-sucre.com\/wp-content\/uploads\/2023\/12\/buisson.svg\" alt=\"\" class=\"wp-image-1122 size-full\"\/><\/figure><div class=\"wp-block-media-text__content\">\n<p class=\"has-vert-2-color has-text-color has-link-color wp-elements-6ac83202e780a3296f700334e7b70b7a\"><strong>La Fresque du Climat<\/strong> <strong>is currently being rolled out, with the aim of raising awareness among all our employees by the end of 2024.<\/strong><\/p>\n<\/div><\/div>\n<\/div>\n<\/div>\n<\/div><\/section>\n\n\n\n<section class=\"wp-block-uagb-section uagb-section__wrap uagb-section__background-color uagb-block-abec7e30\"><div class=\"uagb-section__overlay\"><\/div><div class=\"uagb-section__inner-wrap\">\n<div class=\"wp-block-media-text has-media-on-the-right is-stacked-on-mobile is-vertically-aligned-top\"><div class=\"wp-block-media-text__content\">\n<h3 class=\"wp-block-heading has-vert-2-color has-text-color has-link-color wp-elements-1b682416f6a8d2c349418b2486a444f8\">Cultivating responsibility for all<\/h3>\n\n\n\n<p>Since 2023, our profit-sharing agreement has included sustainable development indicators for all our employees. These criteria include water use, reduction of CO2 emissions and duration of soil cover.<\/p>\n<\/div><figure class=\"wp-block-media-text__media\"><img decoding=\"async\" width=\"1102\" height=\"792\" src=\"https:\/\/www.saintlouis-sucre.com\/wp-content\/uploads\/2023\/12\/img-equipe-responsabilite.webp\" alt=\"Saint Louis Sucre Cultivating responsibility for all\" class=\"wp-image-1126 size-full\" srcset=\"https:\/\/www.saintlouis-sucre.com\/wp-content\/uploads\/2023\/12\/img-equipe-responsabilite.webp 1102w, https:\/\/www.saintlouis-sucre.com\/wp-content\/uploads\/2023\/12\/img-equipe-responsabilite-300x216.webp 300w, https:\/\/www.saintlouis-sucre.com\/wp-content\/uploads\/2023\/12\/img-equipe-responsabilite-768x552.webp 768w\" sizes=\"(max-width: 1102px) 100vw, 1102px\" \/><\/figure><\/div>\n<\/div><\/section>\n","protected":false},"excerpt":{"rendered":"","protected":false},"author":1,"featured_media":0,"parent":756,"menu_order":0,"comment_status":"closed","ping_status":"closed","template":"","meta":{"_acf_changed":false,"inline_featured_image":false,"_uag_custom_page_level_css":"","footnotes":""},"class_list":["post-1211","page","type-page","status-publish","hentry"],"acf":[],"yoast_head":"<!-- This site is optimized with the Yoast SEO plugin v26.9 - https:\/\/yoast.com\/product\/yoast-seo-wordpress\/ -->\n<title>People - Saint Louis Sucre<\/title>\n<meta name=\"description\" content=\"It is the men and women in our teams who bring our company and our values to life. One of our main commitments is to guarantee their safety, health and quality of life at work. We want to go further and help everyone become aware of the challenges of sustainable development and take action, at their own level, for the ecological transition.\" \/>\n<meta name=\"robots\" content=\"index, follow, max-snippet:-1, max-image-preview:large, max-video-preview:-1\" \/>\n<link rel=\"canonical\" href=\"https:\/\/www.saintlouis-sucre.com\/en\/our-csr-commitments\/teams\/\" \/>\n<meta property=\"og:locale\" content=\"en_US\" \/>\n<meta property=\"og:type\" content=\"article\" \/>\n<meta property=\"og:title\" content=\"People - Saint Louis Sucre\" \/>\n<meta property=\"og:description\" content=\"It is the men and women in our teams who bring our company and our values to life. One of our main commitments is to guarantee their safety, health and quality of life at work. We want to go further and help everyone become aware of the challenges of sustainable development and take action, at their own level, for the ecological transition.\" \/>\n<meta property=\"og:url\" content=\"https:\/\/www.saintlouis-sucre.com\/en\/our-csr-commitments\/teams\/\" \/>\n<meta property=\"og:site_name\" content=\"Saint Louis Sucre\" \/>\n<meta property=\"article:modified_time\" content=\"2024-06-20T08:31:28+00:00\" \/>\n<meta property=\"og:image\" content=\"https:\/\/www.saintlouis-sucre.com\/wp-content\/uploads\/2023\/12\/img-header-equipes.webp\" \/>\n<meta name=\"twitter:card\" content=\"summary_large_image\" \/>\n<meta name=\"twitter:label1\" content=\"Est. reading time\" \/>\n\t<meta name=\"twitter:data1\" content=\"4 minutes\" \/>\n<script type=\"application\/ld+json\" class=\"yoast-schema-graph\">{\"@context\":\"https:\/\/schema.org\",\"@graph\":[{\"@type\":\"WebPage\",\"@id\":\"https:\/\/www.saintlouis-sucre.com\/en\/our-csr-commitments\/teams\/\",\"url\":\"https:\/\/www.saintlouis-sucre.com\/en\/our-csr-commitments\/teams\/\",\"name\":\"People - Saint Louis Sucre\",\"isPartOf\":{\"@id\":\"https:\/\/www.saintlouis-sucre.com\/en\/#website\"},\"primaryImageOfPage\":{\"@id\":\"https:\/\/www.saintlouis-sucre.com\/en\/our-csr-commitments\/teams\/#primaryimage\"},\"image\":{\"@id\":\"https:\/\/www.saintlouis-sucre.com\/en\/our-csr-commitments\/teams\/#primaryimage\"},\"thumbnailUrl\":\"https:\/\/www.saintlouis-sucre.com\/wp-content\/uploads\/2023\/12\/img-header-equipes.webp\",\"datePublished\":\"2023-12-13T15:36:57+00:00\",\"dateModified\":\"2024-06-20T08:31:28+00:00\",\"description\":\"It is the men and women in our teams who bring our company and our values to life. One of our main commitments is to guarantee their safety, health and quality of life at work. We want to go further and help everyone become aware of the challenges of sustainable development and take action, at their own level, for the ecological transition.\",\"breadcrumb\":{\"@id\":\"https:\/\/www.saintlouis-sucre.com\/en\/our-csr-commitments\/teams\/#breadcrumb\"},\"inLanguage\":\"en-US\",\"potentialAction\":[{\"@type\":\"ReadAction\",\"target\":[\"https:\/\/www.saintlouis-sucre.com\/en\/our-csr-commitments\/teams\/\"]}]},{\"@type\":\"ImageObject\",\"inLanguage\":\"en-US\",\"@id\":\"https:\/\/www.saintlouis-sucre.com\/en\/our-csr-commitments\/teams\/#primaryimage\",\"url\":\"https:\/\/www.saintlouis-sucre.com\/wp-content\/uploads\/2023\/12\/img-header-equipes.webp\",\"contentUrl\":\"https:\/\/www.saintlouis-sucre.com\/wp-content\/uploads\/2023\/12\/img-header-equipes.webp\"},{\"@type\":\"BreadcrumbList\",\"@id\":\"https:\/\/www.saintlouis-sucre.com\/en\/our-csr-commitments\/teams\/#breadcrumb\",\"itemListElement\":[{\"@type\":\"ListItem\",\"position\":1,\"name\":\"Accueil\",\"item\":\"https:\/\/www.saintlouis-sucre.com\/en\/\"},{\"@type\":\"ListItem\",\"position\":2,\"name\":\"Our sustainability commitments\",\"item\":\"https:\/\/www.saintlouis-sucre.com\/en\/our-csr-commitments\/\"},{\"@type\":\"ListItem\",\"position\":3,\"name\":\"People\"}]},{\"@type\":\"WebSite\",\"@id\":\"https:\/\/www.saintlouis-sucre.com\/en\/#website\",\"url\":\"https:\/\/www.saintlouis-sucre.com\/en\/\",\"name\":\"Saint Louis Sucre\",\"description\":\"Saint Louis Sucre, engag\u00e9s pour produire des sucres de qualit\u00e9\",\"potentialAction\":[{\"@type\":\"SearchAction\",\"target\":{\"@type\":\"EntryPoint\",\"urlTemplate\":\"https:\/\/www.saintlouis-sucre.com\/en\/?s={search_term_string}\"},\"query-input\":{\"@type\":\"PropertyValueSpecification\",\"valueRequired\":true,\"valueName\":\"search_term_string\"}}],\"inLanguage\":\"en-US\"}]}<\/script>\n<!-- \/ Yoast SEO plugin. -->","yoast_head_json":{"title":"People - Saint Louis Sucre","description":"It is the men and women in our teams who bring our company and our values to life. One of our main commitments is to guarantee their safety, health and quality of life at work. We want to go further and help everyone become aware of the challenges of sustainable development and take action, at their own level, for the ecological transition.","robots":{"index":"index","follow":"follow","max-snippet":"max-snippet:-1","max-image-preview":"max-image-preview:large","max-video-preview":"max-video-preview:-1"},"canonical":"https:\/\/www.saintlouis-sucre.com\/en\/our-csr-commitments\/teams\/","og_locale":"en_US","og_type":"article","og_title":"People - Saint Louis Sucre","og_description":"It is the men and women in our teams who bring our company and our values to life. One of our main commitments is to guarantee their safety, health and quality of life at work. We want to go further and help everyone become aware of the challenges of sustainable development and take action, at their own level, for the ecological transition.","og_url":"https:\/\/www.saintlouis-sucre.com\/en\/our-csr-commitments\/teams\/","og_site_name":"Saint Louis Sucre","article_modified_time":"2024-06-20T08:31:28+00:00","og_image":[{"url":"https:\/\/www.saintlouis-sucre.com\/wp-content\/uploads\/2023\/12\/img-header-equipes.webp","type":"","width":"","height":""}],"twitter_card":"summary_large_image","twitter_misc":{"Est. reading time":"4 minutes"},"schema":{"@context":"https:\/\/schema.org","@graph":[{"@type":"WebPage","@id":"https:\/\/www.saintlouis-sucre.com\/en\/our-csr-commitments\/teams\/","url":"https:\/\/www.saintlouis-sucre.com\/en\/our-csr-commitments\/teams\/","name":"People - Saint Louis Sucre","isPartOf":{"@id":"https:\/\/www.saintlouis-sucre.com\/en\/#website"},"primaryImageOfPage":{"@id":"https:\/\/www.saintlouis-sucre.com\/en\/our-csr-commitments\/teams\/#primaryimage"},"image":{"@id":"https:\/\/www.saintlouis-sucre.com\/en\/our-csr-commitments\/teams\/#primaryimage"},"thumbnailUrl":"https:\/\/www.saintlouis-sucre.com\/wp-content\/uploads\/2023\/12\/img-header-equipes.webp","datePublished":"2023-12-13T15:36:57+00:00","dateModified":"2024-06-20T08:31:28+00:00","description":"It is the men and women in our teams who bring our company and our values to life. One of our main commitments is to guarantee their safety, health and quality of life at work. We want to go further and help everyone become aware of the challenges of sustainable development and take action, at their own level, for the ecological transition.","breadcrumb":{"@id":"https:\/\/www.saintlouis-sucre.com\/en\/our-csr-commitments\/teams\/#breadcrumb"},"inLanguage":"en-US","potentialAction":[{"@type":"ReadAction","target":["https:\/\/www.saintlouis-sucre.com\/en\/our-csr-commitments\/teams\/"]}]},{"@type":"ImageObject","inLanguage":"en-US","@id":"https:\/\/www.saintlouis-sucre.com\/en\/our-csr-commitments\/teams\/#primaryimage","url":"https:\/\/www.saintlouis-sucre.com\/wp-content\/uploads\/2023\/12\/img-header-equipes.webp","contentUrl":"https:\/\/www.saintlouis-sucre.com\/wp-content\/uploads\/2023\/12\/img-header-equipes.webp"},{"@type":"BreadcrumbList","@id":"https:\/\/www.saintlouis-sucre.com\/en\/our-csr-commitments\/teams\/#breadcrumb","itemListElement":[{"@type":"ListItem","position":1,"name":"Accueil","item":"https:\/\/www.saintlouis-sucre.com\/en\/"},{"@type":"ListItem","position":2,"name":"Our sustainability commitments","item":"https:\/\/www.saintlouis-sucre.com\/en\/our-csr-commitments\/"},{"@type":"ListItem","position":3,"name":"People"}]},{"@type":"WebSite","@id":"https:\/\/www.saintlouis-sucre.com\/en\/#website","url":"https:\/\/www.saintlouis-sucre.com\/en\/","name":"Saint Louis Sucre","description":"Saint Louis Sucre, engag\u00e9s pour produire des sucres de qualit\u00e9","potentialAction":[{"@type":"SearchAction","target":{"@type":"EntryPoint","urlTemplate":"https:\/\/www.saintlouis-sucre.com\/en\/?s={search_term_string}"},"query-input":{"@type":"PropertyValueSpecification","valueRequired":true,"valueName":"search_term_string"}}],"inLanguage":"en-US"}]}},"uagb_featured_image_src":{"full":false,"thumbnail":false,"medium":false,"medium_large":false,"large":false,"1536x1536":false,"2048x2048":false,"larger":false,"gform-image-choice-sm":false,"gform-image-choice-md":false,"gform-image-choice-lg":false},"uagb_author_info":{"display_name":"admin_sls","author_link":"https:\/\/www.saintlouis-sucre.com\/en\/author\/admin_sls\/"},"uagb_comment_info":0,"uagb_excerpt":null,"_links":{"self":[{"href":"https:\/\/www.saintlouis-sucre.com\/en\/wp-json\/wp\/v2\/pages\/1211","targetHints":{"allow":["GET"]}}],"collection":[{"href":"https:\/\/www.saintlouis-sucre.com\/en\/wp-json\/wp\/v2\/pages"}],"about":[{"href":"https:\/\/www.saintlouis-sucre.com\/en\/wp-json\/wp\/v2\/types\/page"}],"author":[{"embeddable":true,"href":"https:\/\/www.saintlouis-sucre.com\/en\/wp-json\/wp\/v2\/users\/1"}],"replies":[{"embeddable":true,"href":"https:\/\/www.saintlouis-sucre.com\/en\/wp-json\/wp\/v2\/comments?post=1211"}],"version-history":[{"count":2,"href":"https:\/\/www.saintlouis-sucre.com\/en\/wp-json\/wp\/v2\/pages\/1211\/revisions"}],"predecessor-version":[{"id":2260,"href":"https:\/\/www.saintlouis-sucre.com\/en\/wp-json\/wp\/v2\/pages\/1211\/revisions\/2260"}],"up":[{"embeddable":true,"href":"https:\/\/www.saintlouis-sucre.com\/en\/wp-json\/wp\/v2\/pages\/756"}],"wp:attachment":[{"href":"https:\/\/www.saintlouis-sucre.com\/en\/wp-json\/wp\/v2\/media?parent=1211"}],"curies":[{"name":"wp","href":"https:\/\/api.w.org\/{rel}","templated":true}]}}