{"id":1202,"date":"2023-12-13T14:48:46","date_gmt":"2023-12-13T13:48:46","guid":{"rendered":"https:\/\/www.saintlouis-sucre.com\/our-csr-commitments\/farmers\/"},"modified":"2024-06-20T10:13:34","modified_gmt":"2024-06-20T08:13:34","slug":"farmers","status":"publish","type":"page","link":"https:\/\/www.saintlouis-sucre.com\/en\/our-csr-commitments\/farmers\/","title":{"rendered":"Beetgrowers"},"content":{"rendered":"\n<section class=\"wp-block-cover is-light cover-banniere-rse\" style=\"min-height:780px;aspect-ratio:unset;\"><span aria-hidden=\"true\" class=\"wp-block-cover__background has-background-dim-0 has-background-dim\"><\/span><img decoding=\"async\" width=\"2560\" height=\"1325\" class=\"wp-block-cover__image-background wp-image-1913\" alt=\"\" src=\"https:\/\/www.saintlouis-sucre.com\/wp-content\/uploads\/2024\/01\/rse-pratique-bandeau-scaled.webp\" style=\"object-position:85% 76%\" data-object-fit=\"cover\" data-object-position=\"85% 76%\" srcset=\"https:\/\/www.saintlouis-sucre.com\/wp-content\/uploads\/2024\/01\/rse-pratique-bandeau-scaled.webp 2560w, https:\/\/www.saintlouis-sucre.com\/wp-content\/uploads\/2024\/01\/rse-pratique-bandeau-300x155.webp 300w, https:\/\/www.saintlouis-sucre.com\/wp-content\/uploads\/2024\/01\/rse-pratique-bandeau-1400x725.webp 1400w, https:\/\/www.saintlouis-sucre.com\/wp-content\/uploads\/2024\/01\/rse-pratique-bandeau-768x398.webp 768w, https:\/\/www.saintlouis-sucre.com\/wp-content\/uploads\/2024\/01\/rse-pratique-bandeau-1536x795.webp 1536w, https:\/\/www.saintlouis-sucre.com\/wp-content\/uploads\/2024\/01\/rse-pratique-bandeau-2048x1060.webp 2048w, https:\/\/www.saintlouis-sucre.com\/wp-content\/uploads\/2024\/01\/rse-pratique-bandeau-1800x932.webp 1800w\" sizes=\"(max-width: 2560px) 100vw, 2560px\" \/><div class=\"wp-block-cover__inner-container is-layout-constrained wp-block-cover-is-layout-constrained\">\n<p class=\"has-text-align-center has-large-font-size\"><\/p>\n<\/div><\/section>\n\n<section class=\"wp-block-uagb-section uagb-section__wrap uagb-section__background-color uagb-block-f78b0eb2 titre-rse\"><div class=\"uagb-section__overlay\"><\/div><div class=\"uagb-section__inner-wrap\">\n<h1 class=\"wp-block-heading has-text-align-center has-blanc-color has-text-color has-link-color wp-elements-d6069ded7880d710696186d5176ed934\">Supporting our partners <br\/>towards more sustainable farming practices<\/h1>\n\n\n\n<p class=\"has-text-align-center has-blanc-color has-text-color has-link-color wp-elements-c9fc1bfec7cdfa05dd95597d15638056\">Nous souhaitons renforcer la p\u00e9rennit\u00e9 \u00e9conomique et la r\u00e9silience de la fili\u00e8re betteravi\u00e8re fran\u00e7aise, mais aussi soutenir nos agricultrices et agriculteurs dans leurs efforts de transition agro\u00e9cologique, notamment pour pr\u00e9server la ressource en eau, prot\u00e9ger les \u00e9cosyst\u00e8mes et d\u00e9velopper la biodiversit\u00e9 et la fertilit\u00e9 des sols.<\/p>\n<\/div><\/section>\n<div class=\"yoast-breadcrumbs\"><span><span><a href=\"https:\/\/www.saintlouis-sucre.com\/en\/\">Accueil<\/a><\/span> <span class=\"sep\">\u203a<\/span> <span><a href=\"https:\/\/www.saintlouis-sucre.com\/en\/our-csr-commitments\/\">Our sustainability commitments<\/a><\/span> <span class=\"sep\">\u203a<\/span> <span class=\"breadcrumb_last\" aria-current=\"page\">Beetgrowers<\/span><\/span><\/div>\n<section class=\"wp-block-uagb-section uagb-section__wrap uagb-section__background-none uagb-block-ecda5fe0\"><div class=\"uagb-section__overlay\"><\/div><div class=\"uagb-section__inner-wrap\">\n<p>ISSUE NO. 1<\/p>\n\n\n\n<h2 class=\"wp-block-heading has-vert-1-color has-text-color has-link-color wp-elements-193ca6f810fa2822c337fc0758e43860\">Ensuring sustainability and resilience <br\/>of the sugar beet industry in France<\/h2>\n\n\n\n<div class=\"wp-block-media-text is-stacked-on-mobile is-vertically-aligned-top\"><figure class=\"wp-block-media-text__media\"><img decoding=\"async\" width=\"1104\" height=\"793\" src=\"https:\/\/www.saintlouis-sucre.com\/wp-content\/uploads\/2023\/12\/img-accompagner-img1.webp\" alt=\"Set up 60 agro-ecology transition trial protocols with our farmers every year.\" class=\"wp-image-407 size-full\" srcset=\"https:\/\/www.saintlouis-sucre.com\/wp-content\/uploads\/2023\/12\/img-accompagner-img1.webp 1104w, https:\/\/www.saintlouis-sucre.com\/wp-content\/uploads\/2023\/12\/img-accompagner-img1-300x215.webp 300w, https:\/\/www.saintlouis-sucre.com\/wp-content\/uploads\/2023\/12\/img-accompagner-img1-768x552.webp 768w\" sizes=\"(max-width: 1104px) 100vw, 1104px\" \/><\/figure><div class=\"wp-block-media-text__content\">\n<p><strong>Objectif\u00a0: <\/strong><br\/>&gt; Mettre en place chaque ann\u00e9e 60\u00a0protocoles d\u2019essai de transition vers l\u2019agro\u00e9cologie chez nos agriculteurs partenaires en les accompagnant techniquement et financi\u00e8rement via le programme Mont Blanc.<\/p>\n\n\n\n<div class=\"wp-block-media-text is-stacked-on-mobile is-vertically-aligned-center picto\" style=\"grid-template-columns:20% auto\"><figure class=\"wp-block-media-text__media\"><img decoding=\"async\" width=\"176\" height=\"160\" src=\"https:\/\/www.saintlouis-sucre.com\/wp-content\/uploads\/2023\/12\/pelle.svg\" alt=\"\" class=\"wp-image-1092 size-full\"\/><\/figure><div class=\"wp-block-media-text__content\">\n<p class=\"has-vert-2-color has-text-color has-link-color wp-elements-e28835644a0a5531c3532d43deb1de6b\"><strong>Nos 12\u00a0inspecteurs de culture accompagnent quotidiennement sur le terrain nos partenaires agriculteurs et ont suivi une formation dipl\u00f4mante \u00e0 l&#8217;agriculture r\u00e9g\u00e9n\u00e9ratrice \u00e0 UniLaSalle \u00e0 Beauvais.<\/strong><\/p>\n<\/div><\/div>\n<\/div><\/div>\n<\/div><\/section>\n\n<section class=\"wp-block-uagb-section uagb-section__wrap uagb-section__background-color uagb-block-e8b25508\"><div class=\"uagb-section__overlay\"><\/div><div class=\"uagb-section__inner-wrap\">\n<div class=\"wp-block-media-text has-media-on-the-right is-stacked-on-mobile is-vertically-aligned-top\"><div class=\"wp-block-media-text__content\">\n<h3 class=\"wp-block-heading has-vert-2-color has-text-color has-link-color wp-elements-e784b0df8afb3a18a7ca9cf30c44e0ca\">&#8220;In beet we believe!&#8221;<\/h3>\n\n\n\n<p>The &#8220;In beet we believe&#8221; blog brings together a wealth of articles and public content on industry news, innovations currently being rolled out, the results of agronomic trials aimed at the agro-ecological transition, and related advice.<\/p>\n\n\n\n<div class=\"wp-block-buttons is-layout-flex wp-block-buttons-is-layout-flex\">\n<div class=\"wp-block-button bleu\"><a class=\"wp-block-button__link wp-element-button\" href=\"https:\/\/www.labetteraveonycroit.fr\/\" target=\"_blank\" rel=\"noreferrer noopener\">Discover the Blog<\/a><\/div>\n<\/div>\n<\/div><figure class=\"wp-block-media-text__media\"><img decoding=\"async\" width=\"885\" height=\"814\" src=\"https:\/\/www.saintlouis-sucre.com\/wp-content\/uploads\/2023\/12\/img-accompagner-img2.webp\" alt=\"Saint Louis &quot;La Betterave, on y croit!&quot;\" class=\"wp-image-406 size-full\" srcset=\"https:\/\/www.saintlouis-sucre.com\/wp-content\/uploads\/2023\/12\/img-accompagner-img2.webp 885w, https:\/\/www.saintlouis-sucre.com\/wp-content\/uploads\/2023\/12\/img-accompagner-img2-300x276.webp 300w, https:\/\/www.saintlouis-sucre.com\/wp-content\/uploads\/2023\/12\/img-accompagner-img2-768x706.webp 768w\" sizes=\"(max-width: 885px) 100vw, 885px\" \/><\/figure><\/div>\n<\/div><\/section>\n\n<section class=\"wp-block-uagb-section uagb-section__wrap uagb-section__background-none uagb-block-883ec85f\"><div class=\"uagb-section__overlay\"><\/div><div class=\"uagb-section__inner-wrap\">\n<p>ISSUE 2<\/p>\n\n\n\n<h2 class=\"wp-block-heading has-vert-1-color has-text-color has-link-color wp-elements-42fe7be4636b70f2cfe7c558304ddcdd\">Accompagner nos agriculteurs et agricultrices dans la transition agro\u00e9cologique et construire avec eux des solutions plus durables<\/h2>\n\n\n\n<div class=\"wp-block-media-text is-stacked-on-mobile is-vertically-aligned-top\"><figure class=\"wp-block-media-text__media\"><img decoding=\"async\" width=\"1105\" height=\"795\" src=\"https:\/\/www.saintlouis-sucre.com\/wp-content\/uploads\/2023\/12\/img-accompagner-img3.webp\" alt=\"We support farmers in their agro-ecological transition\" class=\"wp-image-405 size-full\" srcset=\"https:\/\/www.saintlouis-sucre.com\/wp-content\/uploads\/2023\/12\/img-accompagner-img3.webp 1105w, https:\/\/www.saintlouis-sucre.com\/wp-content\/uploads\/2023\/12\/img-accompagner-img3-300x216.webp 300w, https:\/\/www.saintlouis-sucre.com\/wp-content\/uploads\/2023\/12\/img-accompagner-img3-768x553.webp 768w\" sizes=\"(max-width: 1105px) 100vw, 1105px\" \/><\/figure><div class=\"wp-block-media-text__content\">\n<p>We support farmers in their agro-ecological transition, particularly in soil regeneration farming and the preservation of biodiversity on their farms. Our \u00c9tr\u00e9pagny pilot farm tests and implements agro-ecological practices, then trains and informs our teams, customers and farming partners. <\/p>\n\n\n\n<p><strong>Objective:<\/strong> <br\/>&gt; 30% of our partner farmers will be integrated into an audited regenerative agriculture approach by 2030.<\/p>\n<\/div><\/div>\n<\/div><\/section>\n\n<section class=\"wp-block-uagb-section uagb-section__wrap uagb-section__background-color uagb-block-abec7e30\"><div class=\"uagb-section__overlay\"><\/div><div class=\"uagb-section__inner-wrap\">\n<div class=\"wp-block-media-text has-media-on-the-right is-stacked-on-mobile is-vertically-aligned-top\"><div class=\"wp-block-media-text__content\">\n<h3 class=\"wp-block-heading has-vert-2-color has-text-color has-link-color wp-elements-40c37419d53aea940572c585a8edbbe2\">&#8220;Living Soils&#8221;<\/h3>\n\n\n\n<p>Saint Louis Sucre a lanc\u00e9 en 2022 le programme &#8220;Sols Vivants&#8221; en lien avec Nestl\u00e9 aupr\u00e8s de ses agriculteurs partenaires et s\u2019appuie sur l\u2019association Earthworm pour encourager la pratique d\u2019une agriculture r\u00e9g\u00e9n\u00e9ratrice des sols selon 5 crit\u00e8res : <\/p>\n\n\n\n<ul class=\"puces wp-block-list\">\n<li>duration of coverage<\/li>\n\n\n\n<li>diversification of cultivated families<\/li>\n\n\n\n<li>carbon storage<\/li>\n\n\n\n<li>Living Soils indicators<\/li>\n\n\n\n<li>tillage intensity<\/li>\n<\/ul>\n\n\n\n<div class=\"wp-block-buttons is-layout-flex wp-block-buttons-is-layout-flex\">\n<div class=\"wp-block-button bleu\"><a class=\"wp-block-button__link wp-element-button\" href=\"https:\/\/www.labetteraveonycroit.fr\/articles\/innover-pour-demain\/la-ferme-agroecologique\/top-depart-du-programme-sols-vivants-dans-les-rotations-betteravieres-253.html\" target=\"_blank\" rel=\"noreferrer noopener\">Find out more about the program<\/a><\/div>\n<\/div>\n<\/div><figure class=\"wp-block-media-text__media\"><img decoding=\"async\" width=\"1400\" height=\"934\" src=\"https:\/\/www.saintlouis-sucre.com\/wp-content\/uploads\/2024\/01\/20230712_1659-copie-1400x934.jpg\" alt=\"\" class=\"wp-image-1697 size-full\" srcset=\"https:\/\/www.saintlouis-sucre.com\/wp-content\/uploads\/2024\/01\/20230712_1659-copie-1400x934.jpg 1400w, https:\/\/www.saintlouis-sucre.com\/wp-content\/uploads\/2024\/01\/20230712_1659-copie-300x200.jpg 300w, https:\/\/www.saintlouis-sucre.com\/wp-content\/uploads\/2024\/01\/20230712_1659-copie-768x512.jpg 768w\" sizes=\"(max-width: 1400px) 100vw, 1400px\" \/><\/figure><\/div>\n<\/div><\/section>\n\n<section class=\"wp-block-uagb-section uagb-section__wrap uagb-section__background-color uagb-block-9d3ee3f6 mt-5\"><div class=\"uagb-section__overlay\"><\/div><div class=\"uagb-section__inner-wrap\">\n<p class=\"has-text-align-center has-blanc-color has-text-color has-link-color wp-elements-ca5e2b07d3dd1fc10e40d37854d82a3c\">\u201cSaint Louis Sucre agit et se mobilise en d\u00e9veloppant un conseil agricole de proximit\u00e9 innovant et de transition agro\u00e9cologique. Le programme Mont Blanc, initi\u00e9 en\u00a02014, et la ferme exp\u00e9rimentale d\u2019\u00c9tr\u00e9pagny, lanc\u00e9e en\u00a02021, sont des outils efficaces au d\u00e9ploiement, chez nos agriculteurs partenaires, de ces nouvelles solutions agronomiques plus durables.\u201d <\/p>\n\n\n\n<p class=\"has-text-align-center has-blanc-color has-text-color has-link-color wp-elements-783284241d270356952dddd8d2eda452\"><strong>Thomas Nuytten, <br\/>Beet Manager Saint Louis Sucre<\/strong><\/p>\n<\/div><\/section>\n","protected":false},"excerpt":{"rendered":"","protected":false},"author":1,"featured_media":0,"parent":756,"menu_order":0,"comment_status":"closed","ping_status":"closed","template":"","meta":{"_acf_changed":false,"inline_featured_image":false,"_uag_custom_page_level_css":"","footnotes":""},"class_list":["post-1202","page","type-page","status-publish","hentry"],"acf":[],"yoast_head":"<!-- This site is optimized with the Yoast SEO plugin v26.9 - https:\/\/yoast.com\/product\/yoast-seo-wordpress\/ -->\n<title>Beetgrowers - Saint Louis Sucre<\/title>\n<meta name=\"description\" content=\"We want to strengthen the economic sustainability and resilience of the French sugar beet industry, but also support our farmers in their efforts to make the transition to agro-ecology by building sustainable solutions with them, in particular to preserve water resources, protect ecosystems and develop biodiversity and soil fertility.\" \/>\n<meta name=\"robots\" content=\"index, follow, max-snippet:-1, max-image-preview:large, max-video-preview:-1\" \/>\n<link rel=\"canonical\" href=\"https:\/\/www.saintlouis-sucre.com\/en\/our-csr-commitments\/farmers\/\" \/>\n<meta property=\"og:locale\" content=\"en_US\" \/>\n<meta property=\"og:type\" content=\"article\" \/>\n<meta property=\"og:title\" content=\"Beetgrowers - Saint Louis Sucre\" \/>\n<meta property=\"og:description\" content=\"We want to strengthen the economic sustainability and resilience of the French sugar beet industry, but also support our farmers in their efforts to make the transition to agro-ecology by building sustainable solutions with them, in particular to preserve water resources, protect ecosystems and develop biodiversity and soil fertility.\" \/>\n<meta property=\"og:url\" content=\"https:\/\/www.saintlouis-sucre.com\/en\/our-csr-commitments\/farmers\/\" \/>\n<meta property=\"og:site_name\" content=\"Saint Louis Sucre\" \/>\n<meta property=\"article:modified_time\" content=\"2024-06-20T08:13:34+00:00\" \/>\n<meta property=\"og:image\" content=\"https:\/\/www.saintlouis-sucre.com\/wp-content\/uploads\/2024\/01\/rse-pratique-bandeau-scaled.webp\" \/>\n<meta name=\"twitter:card\" content=\"summary_large_image\" \/>\n<meta name=\"twitter:label1\" content=\"Est. reading time\" \/>\n\t<meta name=\"twitter:data1\" content=\"3 minutes\" \/>\n<script type=\"application\/ld+json\" class=\"yoast-schema-graph\">{\"@context\":\"https:\/\/schema.org\",\"@graph\":[{\"@type\":\"WebPage\",\"@id\":\"https:\/\/www.saintlouis-sucre.com\/en\/our-csr-commitments\/farmers\/\",\"url\":\"https:\/\/www.saintlouis-sucre.com\/en\/our-csr-commitments\/farmers\/\",\"name\":\"Beetgrowers - Saint Louis Sucre\",\"isPartOf\":{\"@id\":\"https:\/\/www.saintlouis-sucre.com\/en\/#website\"},\"primaryImageOfPage\":{\"@id\":\"https:\/\/www.saintlouis-sucre.com\/en\/our-csr-commitments\/farmers\/#primaryimage\"},\"image\":{\"@id\":\"https:\/\/www.saintlouis-sucre.com\/en\/our-csr-commitments\/farmers\/#primaryimage\"},\"thumbnailUrl\":\"https:\/\/www.saintlouis-sucre.com\/wp-content\/uploads\/2024\/01\/rse-pratique-bandeau-scaled.webp\",\"datePublished\":\"2023-12-13T13:48:46+00:00\",\"dateModified\":\"2024-06-20T08:13:34+00:00\",\"description\":\"We want to strengthen the economic sustainability and resilience of the French sugar beet industry, but also support our farmers in their efforts to make the transition to agro-ecology by building sustainable solutions with them, in particular to preserve water resources, protect ecosystems and develop biodiversity and soil fertility.\",\"breadcrumb\":{\"@id\":\"https:\/\/www.saintlouis-sucre.com\/en\/our-csr-commitments\/farmers\/#breadcrumb\"},\"inLanguage\":\"en-US\",\"potentialAction\":[{\"@type\":\"ReadAction\",\"target\":[\"https:\/\/www.saintlouis-sucre.com\/en\/our-csr-commitments\/farmers\/\"]}]},{\"@type\":\"ImageObject\",\"inLanguage\":\"en-US\",\"@id\":\"https:\/\/www.saintlouis-sucre.com\/en\/our-csr-commitments\/farmers\/#primaryimage\",\"url\":\"https:\/\/www.saintlouis-sucre.com\/wp-content\/uploads\/2024\/01\/rse-pratique-bandeau-scaled.webp\",\"contentUrl\":\"https:\/\/www.saintlouis-sucre.com\/wp-content\/uploads\/2024\/01\/rse-pratique-bandeau-scaled.webp\"},{\"@type\":\"BreadcrumbList\",\"@id\":\"https:\/\/www.saintlouis-sucre.com\/en\/our-csr-commitments\/farmers\/#breadcrumb\",\"itemListElement\":[{\"@type\":\"ListItem\",\"position\":1,\"name\":\"Accueil\",\"item\":\"https:\/\/www.saintlouis-sucre.com\/en\/\"},{\"@type\":\"ListItem\",\"position\":2,\"name\":\"Our sustainability commitments\",\"item\":\"https:\/\/www.saintlouis-sucre.com\/en\/our-csr-commitments\/\"},{\"@type\":\"ListItem\",\"position\":3,\"name\":\"Beetgrowers\"}]},{\"@type\":\"WebSite\",\"@id\":\"https:\/\/www.saintlouis-sucre.com\/en\/#website\",\"url\":\"https:\/\/www.saintlouis-sucre.com\/en\/\",\"name\":\"Saint Louis Sucre\",\"description\":\"Saint Louis Sucre, engag\u00e9s pour produire des sucres de qualit\u00e9\",\"potentialAction\":[{\"@type\":\"SearchAction\",\"target\":{\"@type\":\"EntryPoint\",\"urlTemplate\":\"https:\/\/www.saintlouis-sucre.com\/en\/?s={search_term_string}\"},\"query-input\":{\"@type\":\"PropertyValueSpecification\",\"valueRequired\":true,\"valueName\":\"search_term_string\"}}],\"inLanguage\":\"en-US\"}]}<\/script>\n<!-- \/ Yoast SEO plugin. -->","yoast_head_json":{"title":"Beetgrowers - Saint Louis Sucre","description":"We want to strengthen the economic sustainability and resilience of the French sugar beet industry, but also support our farmers in their efforts to make the transition to agro-ecology by building sustainable solutions with them, in particular to preserve water resources, protect ecosystems and develop biodiversity and soil fertility.","robots":{"index":"index","follow":"follow","max-snippet":"max-snippet:-1","max-image-preview":"max-image-preview:large","max-video-preview":"max-video-preview:-1"},"canonical":"https:\/\/www.saintlouis-sucre.com\/en\/our-csr-commitments\/farmers\/","og_locale":"en_US","og_type":"article","og_title":"Beetgrowers - Saint Louis Sucre","og_description":"We want to strengthen the economic sustainability and resilience of the French sugar beet industry, but also support our farmers in their efforts to make the transition to agro-ecology by building sustainable solutions with them, in particular to preserve water resources, protect ecosystems and develop biodiversity and soil fertility.","og_url":"https:\/\/www.saintlouis-sucre.com\/en\/our-csr-commitments\/farmers\/","og_site_name":"Saint Louis Sucre","article_modified_time":"2024-06-20T08:13:34+00:00","og_image":[{"url":"https:\/\/www.saintlouis-sucre.com\/wp-content\/uploads\/2024\/01\/rse-pratique-bandeau-scaled.webp","type":"","width":"","height":""}],"twitter_card":"summary_large_image","twitter_misc":{"Est. reading time":"3 minutes"},"schema":{"@context":"https:\/\/schema.org","@graph":[{"@type":"WebPage","@id":"https:\/\/www.saintlouis-sucre.com\/en\/our-csr-commitments\/farmers\/","url":"https:\/\/www.saintlouis-sucre.com\/en\/our-csr-commitments\/farmers\/","name":"Beetgrowers - Saint Louis Sucre","isPartOf":{"@id":"https:\/\/www.saintlouis-sucre.com\/en\/#website"},"primaryImageOfPage":{"@id":"https:\/\/www.saintlouis-sucre.com\/en\/our-csr-commitments\/farmers\/#primaryimage"},"image":{"@id":"https:\/\/www.saintlouis-sucre.com\/en\/our-csr-commitments\/farmers\/#primaryimage"},"thumbnailUrl":"https:\/\/www.saintlouis-sucre.com\/wp-content\/uploads\/2024\/01\/rse-pratique-bandeau-scaled.webp","datePublished":"2023-12-13T13:48:46+00:00","dateModified":"2024-06-20T08:13:34+00:00","description":"We want to strengthen the economic sustainability and resilience of the French sugar beet industry, but also support our farmers in their efforts to make the transition to agro-ecology by building sustainable solutions with them, in particular to preserve water resources, protect ecosystems and develop biodiversity and soil fertility.","breadcrumb":{"@id":"https:\/\/www.saintlouis-sucre.com\/en\/our-csr-commitments\/farmers\/#breadcrumb"},"inLanguage":"en-US","potentialAction":[{"@type":"ReadAction","target":["https:\/\/www.saintlouis-sucre.com\/en\/our-csr-commitments\/farmers\/"]}]},{"@type":"ImageObject","inLanguage":"en-US","@id":"https:\/\/www.saintlouis-sucre.com\/en\/our-csr-commitments\/farmers\/#primaryimage","url":"https:\/\/www.saintlouis-sucre.com\/wp-content\/uploads\/2024\/01\/rse-pratique-bandeau-scaled.webp","contentUrl":"https:\/\/www.saintlouis-sucre.com\/wp-content\/uploads\/2024\/01\/rse-pratique-bandeau-scaled.webp"},{"@type":"BreadcrumbList","@id":"https:\/\/www.saintlouis-sucre.com\/en\/our-csr-commitments\/farmers\/#breadcrumb","itemListElement":[{"@type":"ListItem","position":1,"name":"Accueil","item":"https:\/\/www.saintlouis-sucre.com\/en\/"},{"@type":"ListItem","position":2,"name":"Our sustainability commitments","item":"https:\/\/www.saintlouis-sucre.com\/en\/our-csr-commitments\/"},{"@type":"ListItem","position":3,"name":"Beetgrowers"}]},{"@type":"WebSite","@id":"https:\/\/www.saintlouis-sucre.com\/en\/#website","url":"https:\/\/www.saintlouis-sucre.com\/en\/","name":"Saint Louis Sucre","description":"Saint Louis Sucre, engag\u00e9s pour produire des sucres de qualit\u00e9","potentialAction":[{"@type":"SearchAction","target":{"@type":"EntryPoint","urlTemplate":"https:\/\/www.saintlouis-sucre.com\/en\/?s={search_term_string}"},"query-input":{"@type":"PropertyValueSpecification","valueRequired":true,"valueName":"search_term_string"}}],"inLanguage":"en-US"}]}},"uagb_featured_image_src":{"full":false,"thumbnail":false,"medium":false,"medium_large":false,"large":false,"1536x1536":false,"2048x2048":false,"larger":false,"gform-image-choice-sm":false,"gform-image-choice-md":false,"gform-image-choice-lg":false},"uagb_author_info":{"display_name":"admin_sls","author_link":"https:\/\/www.saintlouis-sucre.com\/en\/author\/admin_sls\/"},"uagb_comment_info":0,"uagb_excerpt":null,"_links":{"self":[{"href":"https:\/\/www.saintlouis-sucre.com\/en\/wp-json\/wp\/v2\/pages\/1202","targetHints":{"allow":["GET"]}}],"collection":[{"href":"https:\/\/www.saintlouis-sucre.com\/en\/wp-json\/wp\/v2\/pages"}],"about":[{"href":"https:\/\/www.saintlouis-sucre.com\/en\/wp-json\/wp\/v2\/types\/page"}],"author":[{"embeddable":true,"href":"https:\/\/www.saintlouis-sucre.com\/en\/wp-json\/wp\/v2\/users\/1"}],"replies":[{"embeddable":true,"href":"https:\/\/www.saintlouis-sucre.com\/en\/wp-json\/wp\/v2\/comments?post=1202"}],"version-history":[{"count":3,"href":"https:\/\/www.saintlouis-sucre.com\/en\/wp-json\/wp\/v2\/pages\/1202\/revisions"}],"predecessor-version":[{"id":2239,"href":"https:\/\/www.saintlouis-sucre.com\/en\/wp-json\/wp\/v2\/pages\/1202\/revisions\/2239"}],"up":[{"embeddable":true,"href":"https:\/\/www.saintlouis-sucre.com\/en\/wp-json\/wp\/v2\/pages\/756"}],"wp:attachment":[{"href":"https:\/\/www.saintlouis-sucre.com\/en\/wp-json\/wp\/v2\/media?parent=1202"}],"curies":[{"name":"wp","href":"https:\/\/api.w.org\/{rel}","templated":true}]}}